{"id":7,"date":"2022-04-12T22:58:21","date_gmt":"2022-04-12T20:58:21","guid":{"rendered":"http:\/\/photographie-alternative.fr\/?page_id=7"},"modified":"2022-04-13T17:11:42","modified_gmt":"2022-04-13T15:11:42","slug":"beaux-portfolios-pour-des-creatifs-exceptionnels","status":"publish","type":"page","link":"https:\/\/photographie-alternative.fr\/","title":{"rendered":"Des d\u00e9couvertes, des proc\u00e9d\u00e9s anciens,&#8230;"},"content":{"rendered":"\n<p class=\"has-text-align-center\"><meta charset=\"utf-8\">d\u00e9couvrez des proc\u00e9d\u00e9 anciens, depuis les origines de la photographie, calotype, dagurr\u00e9otype, collodion, albumine, papier sal\u00e9, vandyke, cyanotype,&#8230;.<\/p>\n\n\n\n<p><\/p>\n\n\n\n<div style=\"height:55px\" aria-hidden=\"true\" class=\"wp-block-spacer\"><\/div>\n\n\n\n<div class=\"wp-block-group alignfull has-background\" style=\"background-color:#e5e9ec\"><div class=\"wp-block-group__inner-container is-layout-flow wp-block-group-is-layout-flow\">\n<div class=\"wp-block-columns is-layout-flex wp-container-core-columns-is-layout-9d6595d7 wp-block-columns-is-layout-flex\">\n<div class=\"wp-block-column is-vertically-aligned-center is-layout-flow wp-block-column-is-layout-flow\">\n<h2 class=\"wp-block-heading\">Pr\u00e9sentation<\/h2>\n\n\n\n<p>photographe amateur, animateur de club de photographie argentique. exp\u00e9rimentation de proc\u00e9d\u00e9s anciens, ou alternatifs, pr\u00e9sentations de pellicules, appareils photos.<\/p>\n\n\n\n<div class=\"wp-block-buttons is-horizontal is-content-justification-left is-layout-flex wp-container-core-buttons-is-layout-7e5fce0a wp-block-buttons-is-layout-flex\">\n<div class=\"wp-block-button is-style-outline is-style-outline--1\"><a class=\"wp-block-button__link\" href=\"https:\/\/photographie-alternative.fr\/?page_id=9\">A propos<\/a><\/div>\n<\/div>\n\n\n\n<p><\/p>\n<\/div>\n\n\n\n<div class=\"wp-block-column is-layout-flow wp-block-column-is-layout-flow\">\n<div style=\"height:48px\" aria-hidden=\"true\" class=\"wp-block-spacer\"><\/div>\n\n\n\n<figure class=\"wp-block-image size-large\"><img loading=\"lazy\" decoding=\"async\" width=\"1024\" height=\"768\" src=\"https:\/\/photographie-alternative.fr\/wp-content\/uploads\/2022\/04\/20220224_161307-1024x768.jpg\" alt=\"\" class=\"wp-image-111\" srcset=\"https:\/\/photographie-alternative.fr\/wp-content\/uploads\/2022\/04\/20220224_161307-1024x768.jpg 1024w, https:\/\/photographie-alternative.fr\/wp-content\/uploads\/2022\/04\/20220224_161307-300x225.jpg 300w, https:\/\/photographie-alternative.fr\/wp-content\/uploads\/2022\/04\/20220224_161307-768x576.jpg 768w, https:\/\/photographie-alternative.fr\/wp-content\/uploads\/2022\/04\/20220224_161307-1536x1152.jpg 1536w, https:\/\/photographie-alternative.fr\/wp-content\/uploads\/2022\/04\/20220224_161307-2048x1536.jpg 2048w, https:\/\/photographie-alternative.fr\/wp-content\/uploads\/2022\/04\/20220224_161307-360x270.jpg 360w\" sizes=\"auto, (max-width: 1024px) 100vw, 1024px\" \/><\/figure>\n<\/div>\n<\/div>\n<\/div><\/div>\n\n\n\n<div class=\"wp-block-group alignfull\"><div class=\"wp-block-group__inner-container is-layout-flow wp-block-group-is-layout-flow\">\n<div class=\"wp-block-columns are-vertically-aligned-center is-layout-flex wp-container-core-columns-is-layout-9d6595d7 wp-block-columns-is-layout-flex\">\n<div class=\"wp-block-column is-vertically-aligned-center is-layout-flow wp-block-column-is-layout-flow\">\n<div style=\"height:48px\" aria-hidden=\"true\" class=\"wp-block-spacer\"><\/div>\n\n\n\n<figure class=\"wp-block-image size-large\"><img loading=\"lazy\" decoding=\"async\" width=\"1024\" height=\"768\" src=\"https:\/\/photographie-alternative.fr\/wp-content\/uploads\/2022\/04\/20220224_164155-1024x768.jpg\" alt=\"\" class=\"wp-image-112\" srcset=\"https:\/\/photographie-alternative.fr\/wp-content\/uploads\/2022\/04\/20220224_164155-1024x768.jpg 1024w, https:\/\/photographie-alternative.fr\/wp-content\/uploads\/2022\/04\/20220224_164155-300x225.jpg 300w, https:\/\/photographie-alternative.fr\/wp-content\/uploads\/2022\/04\/20220224_164155-768x576.jpg 768w, https:\/\/photographie-alternative.fr\/wp-content\/uploads\/2022\/04\/20220224_164155-1536x1152.jpg 1536w, https:\/\/photographie-alternative.fr\/wp-content\/uploads\/2022\/04\/20220224_164155-2048x1536.jpg 2048w, https:\/\/photographie-alternative.fr\/wp-content\/uploads\/2022\/04\/20220224_164155-360x270.jpg 360w\" sizes=\"auto, (max-width: 1024px) 100vw, 1024px\" \/><\/figure>\n<\/div>\n\n\n\n<div class=\"wp-block-column is-vertically-aligned-center is-layout-flow wp-block-column-is-layout-flow\">\n<h2 class=\"wp-block-heading\">Les proc\u00e9d\u00e9s<\/h2>\n\n\n\n<p>la description, la pratique et la d\u00e9couverte des proc\u00e9d\u00e9s photos connus ou moins connus, pass\u00e9 ou toujours actuels, Manipulations de photos, <\/p>\n\n\n\n<div class=\"wp-block-buttons is-layout-flex wp-block-buttons-is-layout-flex\">\n<div class=\"wp-block-button is-style-outline is-style-outline--2\"><a class=\"wp-block-button__link\" href=\"https:\/\/photographie-alternative.fr\/?page_id=10\">A voir&#8230;<\/a><\/div>\n<\/div>\n<\/div>\n<\/div>\n<\/div><\/div>\n\n\n\n<div class=\"wp-block-group alignfull has-black-background-color has-background\"><div class=\"wp-block-group__inner-container is-layout-flow wp-block-group-is-layout-flow\">\n<h2 class=\"has-text-align-center has-white-color has-text-color wp-block-heading\"><a href=\"https:\/\/photographie-alternative.fr\/?portfolio=galerie\" data-type=\"URL\" data-id=\"https:\/\/photographie-alternative.fr\/?portfolio=galerie\"><strong>Galer<\/strong>ie<\/a><\/h2>\n\n\n\n<figure class=\"wp-block-gallery aligncenter has-nested-images columns-default is-cropped wp-block-gallery-3 is-layout-flex wp-block-gallery-is-layout-flex\">\n<figure class=\"wp-block-image size-large\"><img loading=\"lazy\" decoding=\"async\" width=\"1024\" height=\"768\" data-id=\"113\" src=\"https:\/\/photographie-alternative.fr\/wp-content\/uploads\/2022\/04\/20210522_162951-1024x768.jpg\" alt=\"\" class=\"wp-image-113\" srcset=\"https:\/\/photographie-alternative.fr\/wp-content\/uploads\/2022\/04\/20210522_162951-1024x768.jpg 1024w, https:\/\/photographie-alternative.fr\/wp-content\/uploads\/2022\/04\/20210522_162951-300x225.jpg 300w, https:\/\/photographie-alternative.fr\/wp-content\/uploads\/2022\/04\/20210522_162951-768x576.jpg 768w, https:\/\/photographie-alternative.fr\/wp-content\/uploads\/2022\/04\/20210522_162951-1536x1152.jpg 1536w, https:\/\/photographie-alternative.fr\/wp-content\/uploads\/2022\/04\/20210522_162951-2048x1536.jpg 2048w, https:\/\/photographie-alternative.fr\/wp-content\/uploads\/2022\/04\/20210522_162951-360x270.jpg 360w\" sizes=\"auto, (max-width: 1024px) 100vw, 1024px\" \/><\/figure>\n\n\n\n<figure class=\"wp-block-image size-large\"><img loading=\"lazy\" decoding=\"async\" width=\"1024\" height=\"576\" data-id=\"117\" src=\"https:\/\/photographie-alternative.fr\/wp-content\/uploads\/2022\/04\/20160815_153518-1024x576.jpg\" alt=\"\" class=\"wp-image-117\" srcset=\"https:\/\/photographie-alternative.fr\/wp-content\/uploads\/2022\/04\/20160815_153518-1024x576.jpg 1024w, https:\/\/photographie-alternative.fr\/wp-content\/uploads\/2022\/04\/20160815_153518-300x169.jpg 300w, https:\/\/photographie-alternative.fr\/wp-content\/uploads\/2022\/04\/20160815_153518-768x432.jpg 768w, https:\/\/photographie-alternative.fr\/wp-content\/uploads\/2022\/04\/20160815_153518-1536x864.jpg 1536w, https:\/\/photographie-alternative.fr\/wp-content\/uploads\/2022\/04\/20160815_153518-2048x1152.jpg 2048w, https:\/\/photographie-alternative.fr\/wp-content\/uploads\/2022\/04\/20160815_153518-480x270.jpg 480w\" sizes=\"auto, (max-width: 1024px) 100vw, 1024px\" \/><\/figure>\n\n\n\n<figure class=\"wp-block-image size-large\"><img loading=\"lazy\" decoding=\"async\" width=\"1024\" height=\"768\" data-id=\"116\" src=\"https:\/\/photographie-alternative.fr\/wp-content\/uploads\/2022\/04\/20220322_124444-1024x768.jpg\" alt=\"\" class=\"wp-image-116\" srcset=\"https:\/\/photographie-alternative.fr\/wp-content\/uploads\/2022\/04\/20220322_124444-1024x768.jpg 1024w, https:\/\/photographie-alternative.fr\/wp-content\/uploads\/2022\/04\/20220322_124444-300x225.jpg 300w, https:\/\/photographie-alternative.fr\/wp-content\/uploads\/2022\/04\/20220322_124444-768x576.jpg 768w, https:\/\/photographie-alternative.fr\/wp-content\/uploads\/2022\/04\/20220322_124444-1536x1152.jpg 1536w, https:\/\/photographie-alternative.fr\/wp-content\/uploads\/2022\/04\/20220322_124444-2048x1536.jpg 2048w, https:\/\/photographie-alternative.fr\/wp-content\/uploads\/2022\/04\/20220322_124444-360x270.jpg 360w\" sizes=\"auto, (max-width: 1024px) 100vw, 1024px\" \/><\/figure>\n\n\n\n<figure class=\"wp-block-image size-large\"><img loading=\"lazy\" decoding=\"async\" width=\"1024\" height=\"768\" data-id=\"118\" src=\"https:\/\/photographie-alternative.fr\/wp-content\/uploads\/2022\/04\/20211005_135511-1024x768.jpg\" alt=\"\" class=\"wp-image-118\" srcset=\"https:\/\/photographie-alternative.fr\/wp-content\/uploads\/2022\/04\/20211005_135511-1024x768.jpg 1024w, https:\/\/photographie-alternative.fr\/wp-content\/uploads\/2022\/04\/20211005_135511-300x225.jpg 300w, https:\/\/photographie-alternative.fr\/wp-content\/uploads\/2022\/04\/20211005_135511-768x576.jpg 768w, https:\/\/photographie-alternative.fr\/wp-content\/uploads\/2022\/04\/20211005_135511-1536x1152.jpg 1536w, https:\/\/photographie-alternative.fr\/wp-content\/uploads\/2022\/04\/20211005_135511-2048x1536.jpg 2048w, https:\/\/photographie-alternative.fr\/wp-content\/uploads\/2022\/04\/20211005_135511-360x270.jpg 360w\" sizes=\"auto, (max-width: 1024px) 100vw, 1024px\" \/><\/figure>\n\n\n\n<figure class=\"wp-block-image size-large\"><img loading=\"lazy\" decoding=\"async\" width=\"1024\" height=\"768\" data-id=\"132\" src=\"https:\/\/photographie-alternative.fr\/wp-content\/uploads\/2022\/04\/20200804_131629-1024x768.jpg\" alt=\"\" class=\"wp-image-132\" srcset=\"https:\/\/photographie-alternative.fr\/wp-content\/uploads\/2022\/04\/20200804_131629-1024x768.jpg 1024w, https:\/\/photographie-alternative.fr\/wp-content\/uploads\/2022\/04\/20200804_131629-300x225.jpg 300w, https:\/\/photographie-alternative.fr\/wp-content\/uploads\/2022\/04\/20200804_131629-768x576.jpg 768w, https:\/\/photographie-alternative.fr\/wp-content\/uploads\/2022\/04\/20200804_131629-1536x1152.jpg 1536w, https:\/\/photographie-alternative.fr\/wp-content\/uploads\/2022\/04\/20200804_131629-2048x1536.jpg 2048w, https:\/\/photographie-alternative.fr\/wp-content\/uploads\/2022\/04\/20200804_131629-360x270.jpg 360w\" sizes=\"auto, (max-width: 1024px) 100vw, 1024px\" \/><\/figure>\n\n\n\n<figure class=\"wp-block-image size-large\"><img loading=\"lazy\" decoding=\"async\" width=\"1024\" height=\"768\" data-id=\"125\" src=\"https:\/\/photographie-alternative.fr\/wp-content\/uploads\/2022\/04\/20200806_202605-1024x768.jpg\" alt=\"\" class=\"wp-image-125\" srcset=\"https:\/\/photographie-alternative.fr\/wp-content\/uploads\/2022\/04\/20200806_202605-1024x768.jpg 1024w, https:\/\/photographie-alternative.fr\/wp-content\/uploads\/2022\/04\/20200806_202605-300x225.jpg 300w, https:\/\/photographie-alternative.fr\/wp-content\/uploads\/2022\/04\/20200806_202605-768x576.jpg 768w, https:\/\/photographie-alternative.fr\/wp-content\/uploads\/2022\/04\/20200806_202605-1536x1152.jpg 1536w, https:\/\/photographie-alternative.fr\/wp-content\/uploads\/2022\/04\/20200806_202605-2048x1536.jpg 2048w, https:\/\/photographie-alternative.fr\/wp-content\/uploads\/2022\/04\/20200806_202605-360x270.jpg 360w\" sizes=\"auto, (max-width: 1024px) 100vw, 1024px\" \/><\/figure>\n<\/figure>\n<\/div><\/div>\n\n\n\n<div class=\"wp-block-cover alignfull is-light has-parallax is-position-center-center\" style=\"background-image:url(https:\/\/photographie-alternative.fr\/wp-content\/uploads\/2022\/04\/20220322_124158-1-scaled.jpg);min-height:375px;aspect-ratio:unset;\"><span aria-hidden=\"true\" class=\"has-black-background-color has-background-dim-40 wp-block-cover__gradient-background has-background-dim\"><\/span><div class=\"wp-block-cover__inner-container is-layout-flow wp-block-cover-is-layout-flow\">\n<p class=\"has-text-align-center has-text-color has-huge-font-size\" style=\"color:#fffffa;line-height:1.1\"><strong>des tests, des d\u00e9couvertes<\/strong><\/p>\n\n\n\n<p class=\"has-text-align-center\"><\/p>\n\n\n\n<div style=\"height:39px\" aria-hidden=\"true\" class=\"wp-block-spacer\"><\/div>\n\n\n\n<div class=\"wp-block-buttons is-horizontal is-content-justification-center is-layout-flex wp-container-core-buttons-is-layout-499968f5 wp-block-buttons-is-layout-flex\">\n<div class=\"wp-block-button is-style-outline is-style-outline--4\"><a class=\"wp-block-button__link has-white-color has-text-color\" href=\"https:\/\/photographie-alternative.fr\/?page_id=9\">Contact<\/a><\/div>\n<\/div>\n<\/div><\/div>\n\n\n\n<p><\/p>\n","protected":false},"excerpt":{"rendered":"<p>d\u00e9couvrez des proc\u00e9d\u00e9 anciens, depuis les origines de la photographie, calotype, dagurr\u00e9otype, collodion, albumine, papier sal\u00e9, vandyke, cyanotype,&#8230;. Pr\u00e9sentation photographe amateur, animateur de club de photographie argentique. exp\u00e9rimentation de proc\u00e9d\u00e9s anciens, ou alternatifs, pr\u00e9sentations de pellicules, appareils photos. Les proc\u00e9d\u00e9s la description, la pratique et la d\u00e9couverte des proc\u00e9d\u00e9s photos connus ou moins connus, pass\u00e9 ou toujours actuels, Manipulations de photos, Galerie<\/p>\n","protected":false},"author":1,"featured_media":120,"parent":0,"menu_order":0,"comment_status":"closed","ping_status":"closed","template":"","meta":{"footnotes":""},"class_list":["post-7","page","type-page","status-publish","has-post-thumbnail","hentry"],"featured_media_urls":{"thumbnail":["https:\/\/photographie-alternative.fr\/wp-content\/uploads\/2022\/04\/20211230_170300-150x150.jpg",150,150,true],"medium":["https:\/\/photographie-alternative.fr\/wp-content\/uploads\/2022\/04\/20211230_170300-300x225.jpg",300,225,true],"medium_large":["https:\/\/photographie-alternative.fr\/wp-content\/uploads\/2022\/04\/20211230_170300-768x576.jpg",640,480,true],"large":["https:\/\/photographie-alternative.fr\/wp-content\/uploads\/2022\/04\/20211230_170300-1024x768.jpg",640,480,true],"1536x1536":["https:\/\/photographie-alternative.fr\/wp-content\/uploads\/2022\/04\/20211230_170300-1536x1152.jpg",1536,1152,true],"2048x2048":["https:\/\/photographie-alternative.fr\/wp-content\/uploads\/2022\/04\/20211230_170300-2048x1536.jpg",2048,1536,true],"post-thumbnail":["https:\/\/photographie-alternative.fr\/wp-content\/uploads\/2022\/04\/20211230_170300-360x270.jpg",360,270,true],"nisarg-full-width":["https:\/\/photographie-alternative.fr\/wp-content\/uploads\/2022\/04\/20211230_170300-1038x576.jpg",1038,576,true],"portfolio_item-thumbnail":["https:\/\/photographie-alternative.fr\/wp-content\/uploads\/2022\/04\/20211230_170300-600x400.jpg",600,400,true],"portfolio_item-thumbnail@2x":["https:\/\/photographie-alternative.fr\/wp-content\/uploads\/2022\/04\/20211230_170300-scaled.jpg",1067,800,false],"portfolio_item-masonry":["https:\/\/photographie-alternative.fr\/wp-content\/uploads\/2022\/04\/20211230_170300-scaled.jpg",600,450,false],"portfolio_item-masonry@2x":["https:\/\/photographie-alternative.fr\/wp-content\/uploads\/2022\/04\/20211230_170300-scaled.jpg",1200,900,false],"portfolio_item-thumbnail_cinema":["https:\/\/photographie-alternative.fr\/wp-content\/uploads\/2022\/04\/20211230_170300-scaled.jpg",447,335,false],"portfolio_item-thumbnail_portrait":["https:\/\/photographie-alternative.fr\/wp-content\/uploads\/2022\/04\/20211230_170300-scaled.jpg",600,450,false],"portfolio_item-thumbnail_portrait@2x":["https:\/\/photographie-alternative.fr\/wp-content\/uploads\/2022\/04\/20211230_170300-scaled.jpg",1200,900,false],"portfolio_item-thumbnail_square":["https:\/\/photographie-alternative.fr\/wp-content\/uploads\/2022\/04\/20211230_170300-scaled.jpg",800,600,false]},"_links":{"self":[{"href":"https:\/\/photographie-alternative.fr\/index.php?rest_route=\/wp\/v2\/pages\/7","targetHints":{"allow":["GET"]}}],"collection":[{"href":"https:\/\/photographie-alternative.fr\/index.php?rest_route=\/wp\/v2\/pages"}],"about":[{"href":"https:\/\/photographie-alternative.fr\/index.php?rest_route=\/wp\/v2\/types\/page"}],"author":[{"embeddable":true,"href":"https:\/\/photographie-alternative.fr\/index.php?rest_route=\/wp\/v2\/users\/1"}],"replies":[{"embeddable":true,"href":"https:\/\/photographie-alternative.fr\/index.php?rest_route=%2Fwp%2Fv2%2Fcomments&post=7"}],"version-history":[{"count":16,"href":"https:\/\/photographie-alternative.fr\/index.php?rest_route=\/wp\/v2\/pages\/7\/revisions"}],"predecessor-version":[{"id":136,"href":"https:\/\/photographie-alternative.fr\/index.php?rest_route=\/wp\/v2\/pages\/7\/revisions\/136"}],"wp:featuredmedia":[{"embeddable":true,"href":"https:\/\/photographie-alternative.fr\/index.php?rest_route=\/wp\/v2\/media\/120"}],"wp:attachment":[{"href":"https:\/\/photographie-alternative.fr\/index.php?rest_route=%2Fwp%2Fv2%2Fmedia&parent=7"}],"curies":[{"name":"wp","href":"https:\/\/api.w.org\/{rel}","templated":true}]}}