{"id":8,"date":"2022-04-12T22:58:21","date_gmt":"2022-04-12T20:58:21","guid":{"rendered":"http:\/\/photographie-alternative.fr\/?page_id=8"},"modified":"2022-04-13T17:23:07","modified_gmt":"2022-04-13T15:23:07","slug":"about","status":"publish","type":"page","link":"https:\/\/photographie-alternative.fr\/?page_id=8","title":{"rendered":"About"},"content":{"rendered":"\n<h2 class=\"has-large-font-size wp-block-heading\" id=\"inspiro-is-a-digital-product-agency-that-focuses-on-strategy-and-design\" style=\"font-style:normal;font-weight:100\"><strong>Les proc\u00e9d\u00e9s anciens ou alternatifs dans tous leurs \u00e9tats.<\/strong><\/h2>\n\n\n\n<div style=\"height:100px\" aria-hidden=\"true\" class=\"wp-block-spacer\"><\/div>\n\n\n\n<div class=\"wp-block-columns alignwide is-layout-flex wp-container-core-columns-is-layout-9d6595d7 wp-block-columns-is-layout-flex\">\n<div class=\"wp-block-column is-layout-flow wp-block-column-is-layout-flow\">\n<figure class=\"wp-block-image size-large\"><img decoding=\"async\" src=\"https:\/\/photographie-alternative.fr\/wp-content\/themes\/inspiro\/assets\/images\/video-1.jpeg\" alt=\"\"\/><\/figure>\n\n\n\n<p class=\"has-black-color has-text-color has-medium-font-size\"><a href=\"#\">des photographies<\/a><\/p>\n\n\n\n<p class=\"has-text-color\" style=\"color:#7a7a7a\">des images r\u00e9alis\u00e9s par les proc\u00e9d\u00e9s photographiques d\u00e9cris dans les proc\u00e9d\u00e9s, et aussi avec des proc\u00e9d\u00e9s obsol\u00e8tes ou ne pouvant plus \u00eatre pratiqu\u00e9s.<\/p>\n<\/div>\n\n\n\n<div class=\"wp-block-column is-layout-flow wp-block-column-is-layout-flow\">\n<figure class=\"wp-block-image size-large\"><img decoding=\"async\" src=\"https:\/\/photographie-alternative.fr\/wp-content\/themes\/inspiro\/assets\/images\/video-2.jpeg\" alt=\"\"\/><\/figure>\n\n\n\n<p class=\"has-black-color has-text-color has-medium-font-size\"><a href=\"#\">des proc\u00e9d\u00e9s<\/a><\/p>\n\n\n\n<p class=\"has-text-color\" style=\"color:#7a7a7a\">La descriptions et le mode op\u00e9ratoires de proc\u00e9d\u00e9s anciens ou alternatifs permettant de cr\u00e9er des images pleines de charmes.<\/p>\n<\/div>\n\n\n\n<div class=\"wp-block-column is-layout-flow wp-block-column-is-layout-flow\">\n<figure class=\"wp-block-image size-large\"><img decoding=\"async\" src=\"https:\/\/photographie-alternative.fr\/wp-content\/themes\/inspiro\/assets\/images\/video-3.jpeg\" alt=\"\"\/><\/figure>\n\n\n\n<p class=\"has-black-color has-text-color has-medium-font-size\"><a href=\"#\">Services<\/a><\/p>\n\n\n\n<p class=\"has-text-color\" style=\"color:#7a7a7a\">Vous souhaitez avoir une image, photographie avec le de ces proc\u00e9d\u00e9s, un tirage, un reportage&#8230;<\/p>\n<\/div>\n<\/div>\n\n\n\n<h3 class=\"has-large-font-size wp-block-heading\" id=\"inspiro-is-a-digital-product-agency-that-focuses-on-strategy-and-desig\" style=\"font-weight:300\">Videos.<\/h3>\n\n\n\n<figure class=\"wp-block-embed alignwide is-type-video is-provider-videopress wp-block-embed-videopress wp-embed-aspect-16-9 wp-has-aspect-ratio\"><div class=\"wp-block-embed__wrapper\">\n<iframe title=\"VideoPress Video Player\" aria-label='VideoPress Video Player' width='640' height='360' src='https:\/\/video.wordpress.com\/embed\/bjvmxiQS?hd=0&amp;cover=1' frameborder='0' allowfullscreen allow='clipboard-write'><\/iframe><script src='https:\/\/v0.wordpress.com\/js\/next\/videopress-iframe.js?m=1674852142'><\/script>\n<\/div><\/figure>\n\n\n\n<div style=\"height:100px\" aria-hidden=\"true\" class=\"wp-block-spacer\"><\/div>\n\n\n\n<div class=\"wp-block-cover alignfull\" style=\"padding-top:50px;padding-right:50px;padding-bottom:50px;padding-left:50px;min-height:316px;aspect-ratio:unset;\"><span aria-hidden=\"true\" class=\"has-black-background-color has-background-dim-100 wp-block-cover__gradient-background has-background-dim\"><\/span><div class=\"wp-block-cover__inner-container is-layout-flow wp-block-cover-is-layout-flow\">\n<div class=\"wp-block-columns are-vertically-aligned-center is-layout-flex wp-container-core-columns-is-layout-9d6595d7 wp-block-columns-is-layout-flex\">\n<div class=\"wp-block-column is-vertically-aligned-center is-layout-flow wp-block-column-is-layout-flow\" style=\"padding-top:20px;padding-right:0px;padding-bottom:20px;padding-left:0px\">\n<div class=\"wp-block-group is-content-justification-space-between is-nowrap is-layout-flex wp-container-core-group-is-layout-7ef4459a wp-block-group-is-layout-flex\">\n<figure class=\"wp-block-image size-full\"><img decoding=\"async\" src=\"https:\/\/photographie-alternative.fr\/wp-content\/themes\/inspiro\/assets\/images\/laurel_left.png\" alt=\"\"\/><\/figure>\n\n\n\n<div class=\"wp-block-group\"><div class=\"wp-block-group__inner-container is-layout-flow wp-block-group-is-layout-flow\">\n<p class=\"has-text-align-center has-white-color has-text-color\" style=\"font-size:18px;line-height:1\"><strong>&#8220;Best Film&#8221;<br><\/strong>Winner<\/p>\n<\/div><\/div>\n\n\n\n<figure class=\"wp-block-image size-full\"><img decoding=\"async\" src=\"https:\/\/photographie-alternative.fr\/wp-content\/themes\/inspiro\/assets\/images\/laurel_right.png\" alt=\"\"\/><\/figure>\n<\/div>\n<\/div>\n\n\n\n<div class=\"wp-block-column is-vertically-aligned-center is-layout-flow wp-block-column-is-layout-flow\" style=\"padding-top:20px;padding-right:0px;padding-bottom:20px;padding-left:0px\">\n<div class=\"wp-block-group is-content-justification-space-between is-nowrap is-layout-flex wp-container-core-group-is-layout-7ef4459a wp-block-group-is-layout-flex\">\n<figure class=\"wp-block-image size-full\"><img decoding=\"async\" src=\"https:\/\/photographie-alternative.fr\/wp-content\/themes\/inspiro\/assets\/images\/laurel_left.png\" alt=\"\"\/><\/figure>\n\n\n\n<div class=\"wp-block-group\"><div class=\"wp-block-group__inner-container is-layout-flow wp-block-group-is-layout-flow\">\n<p class=\"has-text-align-center has-white-color has-text-color\" style=\"font-size:18px;line-height:1\"><strong>&#8220;New Film Festival&#8221;<\/strong><br>Winner<\/p>\n<\/div><\/div>\n\n\n\n<figure class=\"wp-block-image size-full\"><img decoding=\"async\" src=\"https:\/\/photographie-alternative.fr\/wp-content\/themes\/inspiro\/assets\/images\/laurel_right.png\" alt=\"\"\/><\/figure>\n<\/div>\n<\/div>\n\n\n\n<div class=\"wp-block-column is-vertically-aligned-center is-layout-flow wp-block-column-is-layout-flow\" style=\"padding-top:20px;padding-right:0px;padding-bottom:20px;padding-left:0px\">\n<div class=\"wp-block-group is-content-justification-space-between is-nowrap is-layout-flex wp-container-core-group-is-layout-7ef4459a wp-block-group-is-layout-flex\">\n<figure class=\"wp-block-image size-full\"><img decoding=\"async\" src=\"https:\/\/photographie-alternative.fr\/wp-content\/themes\/inspiro\/assets\/images\/laurel_left.png\" alt=\"\"\/><\/figure>\n\n\n\n<div class=\"wp-block-group\"><div class=\"wp-block-group__inner-container is-layout-flow wp-block-group-is-layout-flow\">\n<p class=\"has-text-align-center has-white-color has-text-color\" style=\"font-size:18px;line-height:1\"><strong>&#8220;Best Short&#8221;<\/strong><br>Winner<\/p>\n<\/div><\/div>\n\n\n\n<figure class=\"wp-block-image size-full\"><img decoding=\"async\" src=\"https:\/\/photographie-alternative.fr\/wp-content\/themes\/inspiro\/assets\/images\/laurel_right.png\" alt=\"\"\/><\/figure>\n<\/div>\n<\/div>\n<\/div>\n<\/div><\/div>\n","protected":false},"excerpt":{"rendered":"<p>Les proc\u00e9d\u00e9s anciens ou alternatifs dans tous leurs \u00e9tats. des photographies des images r\u00e9alis\u00e9s par les proc\u00e9d\u00e9s photographiques d\u00e9cris dans les proc\u00e9d\u00e9s, et aussi avec des proc\u00e9d\u00e9s obsol\u00e8tes ou ne pouvant plus \u00eatre pratiqu\u00e9s. des proc\u00e9d\u00e9s La descriptions et le mode op\u00e9ratoires de proc\u00e9d\u00e9s anciens ou alternatifs permettant de cr\u00e9er des images pleines de charmes. Services Vous souhaitez avoir une image, photographie avec le de ces proc\u00e9d\u00e9s, un tirage, un reportage&#8230; Videos.<\/p>\n","protected":false},"author":1,"featured_media":74,"parent":0,"menu_order":0,"comment_status":"closed","ping_status":"closed","template":"","meta":{"footnotes":""},"class_list":["post-8","page","type-page","status-publish","has-post-thumbnail","hentry"],"featured_media_urls":{"thumbnail":["https:\/\/photographie-alternative.fr\/wp-content\/uploads\/2022\/04\/20160818_152414-150x150.jpg",150,150,true],"medium":["https:\/\/photographie-alternative.fr\/wp-content\/uploads\/2022\/04\/20160818_152414-300x169.jpg",300,169,true],"medium_large":["https:\/\/photographie-alternative.fr\/wp-content\/uploads\/2022\/04\/20160818_152414-768x432.jpg",640,360,true],"large":["https:\/\/photographie-alternative.fr\/wp-content\/uploads\/2022\/04\/20160818_152414-1024x576.jpg",640,360,true],"1536x1536":["https:\/\/photographie-alternative.fr\/wp-content\/uploads\/2022\/04\/20160818_152414-1536x864.jpg",1536,864,true],"2048x2048":["https:\/\/photographie-alternative.fr\/wp-content\/uploads\/2022\/04\/20160818_152414-2048x1152.jpg",2048,1152,true],"post-thumbnail":["https:\/\/photographie-alternative.fr\/wp-content\/uploads\/2022\/04\/20160818_152414-scaled.jpg",480,270,false],"nisarg-full-width":["https:\/\/photographie-alternative.fr\/wp-content\/uploads\/2022\/04\/20160818_152414-scaled.jpg",1024,576,false],"portfolio_item-thumbnail":["https:\/\/photographie-alternative.fr\/wp-content\/uploads\/2022\/04\/20160818_152414-600x400.jpg",600,400,true],"portfolio_item-thumbnail@2x":["https:\/\/photographie-alternative.fr\/wp-content\/uploads\/2022\/04\/20160818_152414-scaled.jpg",1200,675,false],"portfolio_item-masonry":["https:\/\/photographie-alternative.fr\/wp-content\/uploads\/2022\/04\/20160818_152414-scaled.jpg",600,338,false],"portfolio_item-masonry@2x":["https:\/\/photographie-alternative.fr\/wp-content\/uploads\/2022\/04\/20160818_152414-scaled.jpg",1200,675,false],"portfolio_item-thumbnail_cinema":["https:\/\/photographie-alternative.fr\/wp-content\/uploads\/2022\/04\/20160818_152414-scaled.jpg",596,335,false],"portfolio_item-thumbnail_portrait":["https:\/\/photographie-alternative.fr\/wp-content\/uploads\/2022\/04\/20160818_152414-scaled.jpg",600,338,false],"portfolio_item-thumbnail_portrait@2x":["https:\/\/photographie-alternative.fr\/wp-content\/uploads\/2022\/04\/20160818_152414-scaled.jpg",1200,675,false],"portfolio_item-thumbnail_square":["https:\/\/photographie-alternative.fr\/wp-content\/uploads\/2022\/04\/20160818_152414-scaled.jpg",800,450,false]},"_links":{"self":[{"href":"https:\/\/photographie-alternative.fr\/index.php?rest_route=\/wp\/v2\/pages\/8","targetHints":{"allow":["GET"]}}],"collection":[{"href":"https:\/\/photographie-alternative.fr\/index.php?rest_route=\/wp\/v2\/pages"}],"about":[{"href":"https:\/\/photographie-alternative.fr\/index.php?rest_route=\/wp\/v2\/types\/page"}],"author":[{"embeddable":true,"href":"https:\/\/photographie-alternative.fr\/index.php?rest_route=\/wp\/v2\/users\/1"}],"replies":[{"embeddable":true,"href":"https:\/\/photographie-alternative.fr\/index.php?rest_route=%2Fwp%2Fv2%2Fcomments&post=8"}],"version-history":[{"count":3,"href":"https:\/\/photographie-alternative.fr\/index.php?rest_route=\/wp\/v2\/pages\/8\/revisions"}],"predecessor-version":[{"id":54,"href":"https:\/\/photographie-alternative.fr\/index.php?rest_route=\/wp\/v2\/pages\/8\/revisions\/54"}],"wp:featuredmedia":[{"embeddable":true,"href":"https:\/\/photographie-alternative.fr\/index.php?rest_route=\/wp\/v2\/media\/74"}],"wp:attachment":[{"href":"https:\/\/photographie-alternative.fr\/index.php?rest_route=%2Fwp%2Fv2%2Fmedia&parent=8"}],"curies":[{"name":"wp","href":"https:\/\/api.w.org\/{rel}","templated":true}]}}